{"id":1025,"date":"2020-05-22T13:52:33","date_gmt":"2020-05-22T16:52:33","guid":{"rendered":"https:\/\/cep.pecege.com\/calendarios-e-prazos\/"},"modified":"2024-01-08T14:17:56","modified_gmt":"2024-01-08T17:17:56","slug":"calendario-y-plazos","status":"publish","type":"page","link":"https:\/\/cep.pecege.com\/es\/calendario-y-plazos\/","title":{"rendered":"Calendario y plazos"},"content":{"rendered":"\t\t<div data-elementor-type=\"wp-page\" data-elementor-id=\"1025\" class=\"elementor elementor-1025 elementor-617\" data-elementor-post-type=\"page\">\n\t\t\t\t\t\t<section class=\"elementor-section elementor-top-section elementor-element elementor-element-cde415b elementor-section-boxed elementor-section-height-default elementor-section-height-default\" data-id=\"cde415b\" data-element_type=\"section\">\n\t\t\t\t\t\t<div class=\"elementor-container elementor-column-gap-default\">\n\t\t\t\t\t<div class=\"elementor-column elementor-col-100 elementor-top-column elementor-element elementor-element-bd815e2\" data-id=\"bd815e2\" data-element_type=\"column\">\n\t\t\t<div class=\"elementor-widget-wrap elementor-element-populated\">\n\t\t\t\t\t\t<div class=\"elementor-element elementor-element-79d5921 elementor-widget elementor-widget-heading\" data-id=\"79d5921\" data-element_type=\"widget\" data-widget_type=\"heading.default\">\n\t\t\t\t<div class=\"elementor-widget-container\">\n\t\t\t<h1 class=\"elementor-heading-title elementor-size-default\">3. Calendario y plazos<\/h1>\t\t<\/div>\n\t\t\t\t<\/div>\n\t\t\t\t<div class=\"elementor-element elementor-element-48c5551 elementor-widget elementor-widget-text-editor\" data-id=\"48c5551\" data-element_type=\"widget\" data-widget_type=\"text-editor.default\">\n\t\t\t\t<div class=\"elementor-widget-container\">\n\t\t\t\t\t\t\t<p>Para realizar su trabajo, el CEP-PECEGE necesita un plazo que va desde la fecha de recepci\u00f3n de los documentos enviados por el investigador, hasta la emisi\u00f3n y env\u00edo del parecer consustanciado, conteniendo su decisi\u00f3n, al investigador.<\/p><p>Ese plazo es definido por la Conep (<a href=\"http:\/\/conselho.saude.gov.br\/images\/comissoes\/conep\/documentos\/NORMAS-RESOLUCOES\/Norma_Operacional_n_001-2013_Procedimento_Submisso_de_Projeto.pdf\" target=\"_blank\" rel=\"nofollow noopener\">Norma operacional CNS n\u00ba 001\/2013<\/a>) y fue incorporado al regimiento del CEP-PECEGE. Si el investigador quiere m\u00e1s informaci\u00f3n sobre los plazos adoptados por el CEP-PECEGE, es importante consultar el <a href=\"https:\/\/drive.google.com\/file\/d\/1i61u_U0NaicVscLZOqa8VaX_uF8LSf5o\/view?usp=sharing\" target=\"_blank\" rel=\"nofollow noopener\">regimiento del CEP-PECEGE<\/a>.<\/p><p>Los proyectos deben ser enviados al Comit\u00e9 de \u00c9tica en Investigaci\u00f3n por medio de la Plataforma Brasil con al menos 40 d\u00edas de antelaci\u00f3n para ser analizados en la reuni\u00f3n.<\/p><p><span style=\"font-size: 1rem;\">En cualquier situaci\u00f3n (protocolo inicial o respuesta a las pendientes), los protocolos de investigaci\u00f3n s\u00f3lo ser\u00e1n analizados si todos los documentos de entrega obligatoria son correctos y disponibles en la Plataforma Brasil (consultar el men\u00fa <\/span><a style=\"font-size: 1rem; background-color: #ffffff;\" title=\"instrucciones para el env\u00edo\" href=\"https:\/\/cep.pecege.com\/es\/instrucciones-para-envio\/\" target=\"_blank\" rel=\"noopener\"><b>\u00abInstrucciones para el env\u00edo\u00bb<\/b><\/a><span style=\"font-size: 1rem;\">, de este sitio, para tener acceso a la lista de documentos que son necesarios).<\/span><\/p><p>Los dict\u00e1menes se emitir\u00e1n en un plazo m\u00e1ximo de 5 d\u00edas a partir de la fecha de la reuni\u00f3n.<\/p><p style=\"padding-left: 40px; text-align: center;\"><a href=\"https:\/\/cep.pecege.com\/wp-content\/uploads\/2024\/01\/calendario-reunioes-2024.pdf\" target=\"_blank\" rel=\"noopener\"><b>Calendario anual de las reuniones ordinarias del CEP-PECEGE<\/b><\/a><\/p><p><em>Obs.: Las fechas y horarios presentados arriba podr\u00e1n ser modificadas, a criterio del Colegiado del CEP, para atender mejor a la demanda de investigaciones a ser analizadas.<\/em><br \/><em>Las reuniones extraordinarias podr\u00e1n ser solicitadas por la coordinaci\u00f3n del CEP.<\/em><\/p>\t\t\t\t\t\t<\/div>\n\t\t\t\t<\/div>\n\t\t\t\t<div class=\"elementor-element elementor-element-ef158bb elementor-widget elementor-widget-spacer\" data-id=\"ef158bb\" data-element_type=\"widget\" data-widget_type=\"spacer.default\">\n\t\t\t\t<div class=\"elementor-widget-container\">\n\t\t\t\t\t<div class=\"elementor-spacer\">\n\t\t\t<div class=\"elementor-spacer-inner\"><\/div>\n\t\t<\/div>\n\t\t\t\t<\/div>\n\t\t\t\t<\/div>\n\t\t\t\t<div class=\"elementor-element elementor-element-edcf4e9 elementor-widget elementor-widget-heading\" data-id=\"edcf4e9\" data-element_type=\"widget\" id=\"31\" data-widget_type=\"heading.default\">\n\t\t\t\t<div class=\"elementor-widget-container\">\n\t\t\t<h2 class=\"elementor-heading-title elementor-size-default\">3.1. Plazo para el env\u00edo de protocolos de investigaci\u00f3n - Primer env\u00edo<\/h2>\t\t<\/div>\n\t\t\t\t<\/div>\n\t\t\t\t<div class=\"elementor-element elementor-element-f752a5e elementor-widget elementor-widget-text-editor\" data-id=\"f752a5e\" data-element_type=\"widget\" data-widget_type=\"text-editor.default\">\n\t\t\t\t<div class=\"elementor-widget-container\">\n\t\t\t\t\t\t\t<p>Los protocolos iniciales se enviar\u00e1n al CEP-PECEGE al menos 40 d\u00edas antes de la reuni\u00f3n posterior. Es decir, considerando los plazos y el cronograma de su investigaci\u00f3n, el investigador deber\u00e1 elegir, en el calendario anual de reuniones del CEP-PECEGE, la fecha de una reuni\u00f3n que mejor atienda a sus necesidades.<\/p><p>As\u00ed pues, todos los documentos necesarios m\u00e1s el proyecto de investigaci\u00f3n deben ser remitidos al CEP-PECEGE al menos cuarenta <b>(40) d\u00edas antes<\/b> de la fecha de la reuni\u00f3n elegida.<br \/>Todas los env\u00edos se har\u00e1n a trav\u00e9s de la Plataforma Brasil.<\/p><p>Para conocer el paso a paso de la primera presentaci\u00f3n, consulte los manuales disponibles en el \u00edtem <a title=\"Documentos y orientaciones\" href=\"https:\/\/cep.pecege.com\/es\/documentos-y-orientaciones\/\" target=\"_blank\" rel=\"noopener\"><b>\u00abDocumentos y Orientaciones\u00bb<\/b><\/a>.<\/p><p>Los dict\u00e1menes consustanciados se publicar\u00e1n a m\u00e1s tardar 5 d\u00edas despu\u00e9s de la fecha de la reuni\u00f3n.<\/p><p style=\"text-align: center;\"><strong><a href=\"https:\/\/cep.pecege.com\/wp-content\/uploads\/2024\/01\/calendario-reunioes-2024.pdf\" target=\"_blank\" rel=\"noopener\">Calendario anual de las reuniones ordinarias del CEP-PECEGE<\/a><\/strong><\/p><p><em>\u00a0<\/em><\/p><p><em>Obs.: Las fechas y horarios presentados arriba podr\u00e1n ser modificadas, a criterio del Colegiado del CEP, para atender mejor a la demanda de investigaciones a ser analizadas.<\/em><br \/><em>Las reuniones extraordinarias podr\u00e1n ser solicitadas por la coordinaci\u00f3n del CEP.<\/em><\/p><p><em>\u00a0<\/em><\/p><p><img fetchpriority=\"high\" decoding=\"async\" class=\"aligncenter wp-image-1293 size-full\" src=\"https:\/\/cep.pecege.com\/wp-content\/uploads\/2021\/03\/image-es31.jpg\" alt=\"\" width=\"708\" height=\"381\" srcset=\"https:\/\/cep.pecege.com\/wp-content\/uploads\/2021\/03\/image-es31.jpg 708w, https:\/\/cep.pecege.com\/wp-content\/uploads\/2021\/03\/image-es31-300x161.jpg 300w\" sizes=\"(max-width: 708px) 100vw, 708px\" \/><\/p>\t\t\t\t\t\t<\/div>\n\t\t\t\t<\/div>\n\t\t\t\t<div class=\"elementor-element elementor-element-e7793bd elementor-widget elementor-widget-spacer\" data-id=\"e7793bd\" data-element_type=\"widget\" data-widget_type=\"spacer.default\">\n\t\t\t\t<div class=\"elementor-widget-container\">\n\t\t\t\t\t<div class=\"elementor-spacer\">\n\t\t\t<div class=\"elementor-spacer-inner\"><\/div>\n\t\t<\/div>\n\t\t\t\t<\/div>\n\t\t\t\t<\/div>\n\t\t\t\t<div class=\"elementor-element elementor-element-e3ab113 elementor-widget elementor-widget-heading\" data-id=\"e3ab113\" data-element_type=\"widget\" id=\"32\" data-widget_type=\"heading.default\">\n\t\t\t\t<div class=\"elementor-widget-container\">\n\t\t\t<h2 class=\"elementor-heading-title elementor-size-default\">3.2. Plazo para el env\u00edo de respuestas a las pendientes<\/h2>\t\t<\/div>\n\t\t\t\t<\/div>\n\t\t\t\t<div class=\"elementor-element elementor-element-8954c71 elementor-widget elementor-widget-text-editor\" data-id=\"8954c71\" data-element_type=\"widget\" data-widget_type=\"text-editor.default\">\n\t\t\t\t<div class=\"elementor-widget-container\">\n\t\t\t\t\t\t\t<p>Siempre que el investigador reciba un dictamen consustanciado del CEP &#8211; PECEGE, deber\u00e1 prestar atenci\u00f3n a la \u00faltima p\u00e1gina del dictamen, en la cual consta el campo \u00abSituaci\u00f3n del Dictamen\u00bb.<\/p><p>En caso de que el investigador haya recibido un dictamen con la situaci\u00f3n <b>\u00abPENDIENTE\u00bb<\/b>, eso significa que el inicio de la investigaci\u00f3n a\u00fan no ha sido autorizado y que debe responder a las cuestiones pendientes enumeradas en el dictamen.<\/p><p>Esta respuesta deber\u00e1 ser producida y enviada en un documento espec\u00edfico, la Carta Resposta, siguiendo el modelo disponible, en un plazo de 30 (treinta) d\u00edas, siempre contados a partir de la fecha de firma del dictamen consustanciado.<\/p><p>Despu\u00e9s de recibir la Carta Resposta, el CEP-PECEGE emitir\u00e1 un nuevo dictamen en un plazo m\u00e1ximo de 40 d\u00edas, a partir de la fecha de registro de la respuesta del investigador en la Plataforma Brasil.<\/p><p>Si el investigador no responde a las cuestiones pendientes en un plazo de 30 (treinta) d\u00edas, el protocolo se considerar\u00e1 \u00abARCHIVADO\u00bb y la investigaci\u00f3n no podr\u00e1 ser realizada.<\/p><p>En este caso, como el dictamen present\u00f3 situaci\u00f3n de &#8216;PENDIENTE&#8217;, el investigador debe actualizar el programa de su investigaci\u00f3n y, cuando sea apropiado, justificar la viabilidad de llevar a cabo la investigaci\u00f3n incluso con un plazo reducido.<\/p><p>Es importante destacar que, de acuerdo con el p\u00e1rrafo \u00fanico del art\u00edculo 2 del Reglamento de CEP-PECEGE, la realizaci\u00f3n de investigaciones con seres humanos, sin la debida aprobaci\u00f3n de CEP-PECEGE, se considerar\u00e1 \u00abfalta disciplinaria grave\u00bb, salvo las excepciones.<\/p><p>Todas los env\u00edos se har\u00e1n a trav\u00e9s de la Plataforma Brasil.<\/p><p>Para conocer el paso a paso del env\u00edo de la respuesta a las tareas pendientes, consulte el \u00edtem <a title=\"Documentos y Orientaciones\" href=\"https:\/\/cep.pecege.com\/es\/documentos-y-orientaciones\/\" target=\"_blank\" rel=\"noopener\"><b>\u201cDocumentos y Orientaciones\u201d<\/b><\/a>\u00a0para Ver el Dictamen de Proyecto Pendiente.<\/p><p>Los dict\u00e1menes se emitir\u00e1n en un plazo m\u00e1ximo de 5 d\u00edas a partir de la fecha de la reuni\u00f3n.<\/p>\t\t\t\t\t\t<\/div>\n\t\t\t\t<\/div>\n\t\t\t\t<div class=\"elementor-element elementor-element-f8e553c elementor-widget elementor-widget-spacer\" data-id=\"f8e553c\" data-element_type=\"widget\" data-widget_type=\"spacer.default\">\n\t\t\t\t<div class=\"elementor-widget-container\">\n\t\t\t\t\t<div class=\"elementor-spacer\">\n\t\t\t<div class=\"elementor-spacer-inner\"><\/div>\n\t\t<\/div>\n\t\t\t\t<\/div>\n\t\t\t\t<\/div>\n\t\t\t\t<div class=\"elementor-element elementor-element-d0c9b18 elementor-widget elementor-widget-heading\" data-id=\"d0c9b18\" data-element_type=\"widget\" id=\"33\" data-widget_type=\"heading.default\">\n\t\t\t\t<div class=\"elementor-widget-container\">\n\t\t\t<h2 class=\"elementor-heading-title elementor-size-default\">3.3. Plazo para el env\u00edo de los informes parcial y final<\/h2>\t\t<\/div>\n\t\t\t\t<\/div>\n\t\t\t\t<div class=\"elementor-element elementor-element-8bf9eff elementor-widget elementor-widget-text-editor\" data-id=\"8bf9eff\" data-element_type=\"widget\" data-widget_type=\"text-editor.default\">\n\t\t\t\t<div class=\"elementor-widget-container\">\n\t\t\t\t\t\t\t<p>De acuerdo con las directrices \u00e9ticas vigentes, el investigador debe enviar informes durante el desarrollo de la investigaci\u00f3n al CEP.<\/p><p>Son dos informes: un informe parcial y un informe final.<\/p><p>El <b>informe parcial <\/b>es un comunicado simple, en el que el investigador informa al CEP sobre el progreso del trabajo de investigaci\u00f3n.<\/p><p>El plazo de env\u00edo parcial depende del cronograma de la encuesta.<\/p><p>La recomendaci\u00f3n es que el investigador remita al CEP-PECEGE el informe parcial cuando el desarrollo de la investigaci\u00f3n alcanza la etapa intermedia del cronograma, entre la previsi\u00f3n del inicio y final, y algunos resultados ya hayan sido producidos. Por lo tanto, no existe un plazo predeterminado para el env\u00edo y deber\u00e1 ser establecido a <b>criterio del propio investigador.<\/b><\/p><p><span style=\"font-size: 1rem;\">El informe parcial debe ser enviado al CEP v\u00eda Plataforma Brasil, siguiendo las instrucciones disponibles en el men\u00fa <\/span><a title=\"instrucciones para env\u00edo\" href=\"https:\/\/cep.pecege.com\/es\/instrucciones-para-envio\/\" target=\"_blank\" rel=\"noopener\"><b>\u201cInstrucciones para env\u00edo\u201d<\/b><\/a><span style=\"font-size: 1rem;\">.<\/span><\/p><p>El <b>informe final<\/b> es el comunicado de cierre de la investigaci\u00f3n, por el cual el investigador comunica el CEP sobre los resultados de la investigaci\u00f3n y formaliza su cierre.<\/p><p><b>El plazo para el env\u00edo del informe final es de 30 d\u00edas despu\u00e9s de la defensa de la monograf\u00eda.<\/b><\/p><p><span style=\"font-size: 1rem;\">El env\u00edo del informe final es obligatorio y debe ser enviado v\u00eda Plataforma Brasil, siguiendo las instrucciones disponibles en el men\u00fa <\/span><a title=\"Instrucciones para env\u00edo\" href=\"https:\/\/cep.pecege.com\/es\/instrucciones-para-envio\/\" target=\"_blank\" rel=\"noopener\"><b>\u201cInstrucciones para env\u00edo\u201d<\/b><\/a><span style=\"font-size: 1rem;\">.<\/span><\/p>\t\t\t\t\t\t<\/div>\n\t\t\t\t<\/div>\n\t\t\t\t<div class=\"elementor-element elementor-element-396baa9 elementor-widget elementor-widget-spacer\" data-id=\"396baa9\" data-element_type=\"widget\" data-widget_type=\"spacer.default\">\n\t\t\t\t<div class=\"elementor-widget-container\">\n\t\t\t\t\t<div class=\"elementor-spacer\">\n\t\t\t<div class=\"elementor-spacer-inner\"><\/div>\n\t\t<\/div>\n\t\t\t\t<\/div>\n\t\t\t\t<\/div>\n\t\t\t\t<div class=\"elementor-element elementor-element-c79c2f8 elementor-widget elementor-widget-heading\" data-id=\"c79c2f8\" data-element_type=\"widget\" id=\"34\" data-widget_type=\"heading.default\">\n\t\t\t\t<div class=\"elementor-widget-container\">\n\t\t\t<h2 class=\"elementor-heading-title elementor-size-default\">3.4. Plazo para el env\u00edo del recurso al CEP<\/h2>\t\t<\/div>\n\t\t\t\t<\/div>\n\t\t\t\t<div class=\"elementor-element elementor-element-edb7f22 elementor-widget elementor-widget-text-editor\" data-id=\"edb7f22\" data-element_type=\"widget\" data-widget_type=\"text-editor.default\">\n\t\t\t\t<div class=\"elementor-widget-container\">\n\t\t\t\t\t\t\t<p>Siempre que el investigador reciba un dictamen consustanciado del CEP &#8211; PECEGE, deber\u00e1 prestar atenci\u00f3n a la \u00faltima p\u00e1gina del dictamen, en la cual consta el campo \u00abSituaci\u00f3n del Dictamen\u00bb.<\/p>\n<p>En caso de que el investigador haya recibido un parecer con la situaci\u00f3n <b>\u00abNO APROBADO\u00bb<\/b>, el investigador estar\u00e1 inmediatamente impedido de continuar su investigaci\u00f3n y deber\u00e1 interrumpir cualquier proceso relacionado con los participantes del estudio.<\/p>\n<p>El parecer con la situaci\u00f3n de \u00abNo Aprobado\u00bb es emitido cuando el colegiado del CEP juzga que el dise\u00f1o de la investigaci\u00f3n tiene un impedimento \u00e9tico grave y que el trabajo no debe ser realizado.<\/p>\n<p><b>En raras ocasiones<\/b>, en caso de que alguna informaci\u00f3n o hecho nuevo pueda alterar la decisi\u00f3n del CEP, el investigador podr\u00e1 encaminar una solicitud de recurso al CEP &#8211; PECEGE, presentando esos hechos o informaciones, y solicitando la reapertura del proceso de an\u00e1lisis del protocolo de investigaci\u00f3n.<\/p>\n<p>Despu\u00e9s de recibir dictamen con la situaci\u00f3n de \u00abNo Aprobado\u00bb, el investigador podr\u00e1 elaborar y encaminar un documento (no existe un modelo predefinido), exponiendo sus razones para la solicitud de reconsideraci\u00f3n, en el plazo m\u00e1ximo de hasta 30 (treinta) d\u00edas, contados a partir de la fecha de la firma del dictamen consustanciado.<\/p>\n<p><b>En este caso, existe la necesidad de actualizar el cronograma de la investigaci\u00f3n<\/b> y, cuando sea el caso, justificar la viabilidad de realizar la investigaci\u00f3n incluso con un plazo exiguo.<\/p>\n<p>Es importante se\u00f1alar que, de acuerdo con el p\u00e1rrafo \u00fanico del art\u00edculo 2 del <a href=\"https:\/\/drive.google.com\/file\/d\/1i61u_U0NaicVscLZOqa8VaX_uF8LSf5o\/view?usp=sharing\" target=\"_blank\" rel=\"nofollow noopener\">Reglamento del CEP-PECEGE<\/a>, la realizaci\u00f3n de investigaciones con seres humanos, sin la debida aprobaci\u00f3n del CEP-PECEGE, ser\u00e1 considerada \u00abinfracci\u00f3n disciplinaria grave\u00bb.<\/p>\n<p>Todas los env\u00edos se har\u00e1n a trav\u00e9s de la Plataforma Brasil.<\/p>\n<p>Los dict\u00e1menes se emitir\u00e1n en un plazo m\u00e1ximo de 5 d\u00edas a partir de la fecha de la reuni\u00f3n.<\/p>\n\t\t\t\t\t\t<\/div>\n\t\t\t\t<\/div>\n\t\t\t\t\t<\/div>\n\t\t<\/div>\n\t\t\t\t\t<\/div>\n\t\t<\/section>\n\t\t\t\t<\/div>\n\t\t","protected":false},"excerpt":{"rendered":"<p>3. Calendario y plazos Para realizar su trabajo, el CEP-PECEGE necesita un plazo que va desde la fecha de recepci\u00f3n de los documentos enviados por el investigador, hasta la emisi\u00f3n y env\u00edo del parecer consustanciado, conteniendo su decisi\u00f3n, al investigador. Ese plazo es definido por la Conep (Norma operacional CNS n\u00ba 001\/2013) y fue incorporado [&hellip;]<\/p>\n","protected":false},"author":1,"featured_media":0,"parent":0,"menu_order":0,"comment_status":"closed","ping_status":"closed","template":"","meta":{"footnotes":""},"class_list":["post-1025","page","type-page","status-publish","hentry"],"yoast_head":"<!-- This site is optimized with the Yoast SEO plugin v27.1.1 - https:\/\/yoast.com\/product\/yoast-seo-wordpress\/ -->\n<title>Calendario y plazos - CEP Pecege<\/title>\n<meta name=\"description\" content=\"3. Calendario y plazos Para realizar su trabajo, el CEP-PECEGE necesita un plazo que va desde la fecha de recepci\u00f3n de los documentos enviados por el\" \/>\n<meta name=\"robots\" content=\"index, follow, max-snippet:-1, max-image-preview:large, max-video-preview:-1\" \/>\n<link rel=\"canonical\" href=\"https:\/\/cep.pecege.com\/es\/calendario-y-plazos\/\" \/>\n<meta property=\"og:locale\" content=\"es_ES\" \/>\n<meta property=\"og:type\" content=\"article\" \/>\n<meta property=\"og:title\" content=\"Calendario y plazos - CEP Pecege\" \/>\n<meta property=\"og:description\" content=\"3. Calendario y plazos Para realizar su trabajo, el CEP-PECEGE necesita un plazo que va desde la fecha de recepci\u00f3n de los documentos enviados por el\" \/>\n<meta property=\"og:url\" content=\"https:\/\/cep.pecege.com\/es\/calendario-y-plazos\/\" \/>\n<meta property=\"og:site_name\" content=\"CEP Pecege\" \/>\n<meta property=\"article:modified_time\" content=\"2024-01-08T17:17:56+00:00\" \/>\n<meta property=\"og:image\" content=\"https:\/\/cep.pecege.com\/wp-content\/uploads\/2021\/03\/image-es31.jpg\" \/>\n<meta name=\"twitter:card\" content=\"summary_large_image\" \/>\n<meta name=\"twitter:label1\" content=\"Tiempo de lectura\" \/>\n\t<meta name=\"twitter:data1\" content=\"6 minutos\" \/>\n<script type=\"application\/ld+json\" class=\"yoast-schema-graph\">{\"@context\":\"https:\/\/schema.org\",\"@graph\":[{\"@type\":\"WebPage\",\"@id\":\"https:\/\/cep.pecege.com\/es\/calendario-y-plazos\/\",\"url\":\"https:\/\/cep.pecege.com\/es\/calendario-y-plazos\/\",\"name\":\"Calendario y plazos - CEP Pecege\",\"isPartOf\":{\"@id\":\"https:\/\/cep.pecege.com\/#website\"},\"primaryImageOfPage\":{\"@id\":\"https:\/\/cep.pecege.com\/es\/calendario-y-plazos\/#primaryimage\"},\"image\":{\"@id\":\"https:\/\/cep.pecege.com\/es\/calendario-y-plazos\/#primaryimage\"},\"thumbnailUrl\":\"https:\/\/cep.pecege.com\/wp-content\/uploads\/2021\/03\/image-es31.jpg\",\"datePublished\":\"2020-05-22T16:52:33+00:00\",\"dateModified\":\"2024-01-08T17:17:56+00:00\",\"description\":\"3. Calendario y plazos Para realizar su trabajo, el CEP-PECEGE necesita un plazo que va desde la fecha de recepci\u00f3n de los documentos enviados por el\",\"breadcrumb\":{\"@id\":\"https:\/\/cep.pecege.com\/es\/calendario-y-plazos\/#breadcrumb\"},\"inLanguage\":\"es\",\"potentialAction\":[{\"@type\":\"ReadAction\",\"target\":[\"https:\/\/cep.pecege.com\/es\/calendario-y-plazos\/\"]}]},{\"@type\":\"ImageObject\",\"inLanguage\":\"es\",\"@id\":\"https:\/\/cep.pecege.com\/es\/calendario-y-plazos\/#primaryimage\",\"url\":\"https:\/\/cep.pecege.com\/wp-content\/uploads\/2021\/03\/image-es31.jpg\",\"contentUrl\":\"https:\/\/cep.pecege.com\/wp-content\/uploads\/2021\/03\/image-es31.jpg\"},{\"@type\":\"BreadcrumbList\",\"@id\":\"https:\/\/cep.pecege.com\/es\/calendario-y-plazos\/#breadcrumb\",\"itemListElement\":[{\"@type\":\"ListItem\",\"position\":1,\"name\":\"In\u00edcio\",\"item\":\"https:\/\/cep.pecege.com\/es\/\"},{\"@type\":\"ListItem\",\"position\":2,\"name\":\"Calendario y plazos\"}]},{\"@type\":\"WebSite\",\"@id\":\"https:\/\/cep.pecege.com\/#website\",\"url\":\"https:\/\/cep.pecege.com\/\",\"name\":\"CEP Pecege\",\"description\":\"Comit\u00ea de \u00c9tica em Pesquisa do Pecege\",\"publisher\":{\"@id\":\"https:\/\/cep.pecege.com\/#organization\"},\"potentialAction\":[{\"@type\":\"SearchAction\",\"target\":{\"@type\":\"EntryPoint\",\"urlTemplate\":\"https:\/\/cep.pecege.com\/?s={search_term_string}\"},\"query-input\":{\"@type\":\"PropertyValueSpecification\",\"valueRequired\":true,\"valueName\":\"search_term_string\"}}],\"inLanguage\":\"es\"},{\"@type\":\"Organization\",\"@id\":\"https:\/\/cep.pecege.com\/#organization\",\"name\":\"Pecege\",\"url\":\"https:\/\/cep.pecege.com\/\",\"logo\":{\"@type\":\"ImageObject\",\"inLanguage\":\"es\",\"@id\":\"https:\/\/cep.pecege.com\/#\/schema\/logo\/image\/\",\"url\":\"https:\/\/cep.pecege.com\/wp-content\/uploads\/2022\/03\/cropped-Ativo-7-1.png\",\"contentUrl\":\"https:\/\/cep.pecege.com\/wp-content\/uploads\/2022\/03\/cropped-Ativo-7-1.png\",\"width\":512,\"height\":512,\"caption\":\"Pecege\"},\"image\":{\"@id\":\"https:\/\/cep.pecege.com\/#\/schema\/logo\/image\/\"}}]}<\/script>\n<!-- \/ Yoast SEO plugin. -->","yoast_head_json":{"title":"Calendario y plazos - CEP Pecege","description":"3. Calendario y plazos Para realizar su trabajo, el CEP-PECEGE necesita un plazo que va desde la fecha de recepci\u00f3n de los documentos enviados por el","robots":{"index":"index","follow":"follow","max-snippet":"max-snippet:-1","max-image-preview":"max-image-preview:large","max-video-preview":"max-video-preview:-1"},"canonical":"https:\/\/cep.pecege.com\/es\/calendario-y-plazos\/","og_locale":"es_ES","og_type":"article","og_title":"Calendario y plazos - CEP Pecege","og_description":"3. Calendario y plazos Para realizar su trabajo, el CEP-PECEGE necesita un plazo que va desde la fecha de recepci\u00f3n de los documentos enviados por el","og_url":"https:\/\/cep.pecege.com\/es\/calendario-y-plazos\/","og_site_name":"CEP Pecege","article_modified_time":"2024-01-08T17:17:56+00:00","og_image":[{"url":"https:\/\/cep.pecege.com\/wp-content\/uploads\/2021\/03\/image-es31.jpg","type":"","width":"","height":""}],"twitter_card":"summary_large_image","twitter_misc":{"Tiempo de lectura":"6 minutos"},"schema":{"@context":"https:\/\/schema.org","@graph":[{"@type":"WebPage","@id":"https:\/\/cep.pecege.com\/es\/calendario-y-plazos\/","url":"https:\/\/cep.pecege.com\/es\/calendario-y-plazos\/","name":"Calendario y plazos - CEP Pecege","isPartOf":{"@id":"https:\/\/cep.pecege.com\/#website"},"primaryImageOfPage":{"@id":"https:\/\/cep.pecege.com\/es\/calendario-y-plazos\/#primaryimage"},"image":{"@id":"https:\/\/cep.pecege.com\/es\/calendario-y-plazos\/#primaryimage"},"thumbnailUrl":"https:\/\/cep.pecege.com\/wp-content\/uploads\/2021\/03\/image-es31.jpg","datePublished":"2020-05-22T16:52:33+00:00","dateModified":"2024-01-08T17:17:56+00:00","description":"3. Calendario y plazos Para realizar su trabajo, el CEP-PECEGE necesita un plazo que va desde la fecha de recepci\u00f3n de los documentos enviados por el","breadcrumb":{"@id":"https:\/\/cep.pecege.com\/es\/calendario-y-plazos\/#breadcrumb"},"inLanguage":"es","potentialAction":[{"@type":"ReadAction","target":["https:\/\/cep.pecege.com\/es\/calendario-y-plazos\/"]}]},{"@type":"ImageObject","inLanguage":"es","@id":"https:\/\/cep.pecege.com\/es\/calendario-y-plazos\/#primaryimage","url":"https:\/\/cep.pecege.com\/wp-content\/uploads\/2021\/03\/image-es31.jpg","contentUrl":"https:\/\/cep.pecege.com\/wp-content\/uploads\/2021\/03\/image-es31.jpg"},{"@type":"BreadcrumbList","@id":"https:\/\/cep.pecege.com\/es\/calendario-y-plazos\/#breadcrumb","itemListElement":[{"@type":"ListItem","position":1,"name":"In\u00edcio","item":"https:\/\/cep.pecege.com\/es\/"},{"@type":"ListItem","position":2,"name":"Calendario y plazos"}]},{"@type":"WebSite","@id":"https:\/\/cep.pecege.com\/#website","url":"https:\/\/cep.pecege.com\/","name":"CEP Pecege","description":"Comit\u00ea de \u00c9tica em Pesquisa do Pecege","publisher":{"@id":"https:\/\/cep.pecege.com\/#organization"},"potentialAction":[{"@type":"SearchAction","target":{"@type":"EntryPoint","urlTemplate":"https:\/\/cep.pecege.com\/?s={search_term_string}"},"query-input":{"@type":"PropertyValueSpecification","valueRequired":true,"valueName":"search_term_string"}}],"inLanguage":"es"},{"@type":"Organization","@id":"https:\/\/cep.pecege.com\/#organization","name":"Pecege","url":"https:\/\/cep.pecege.com\/","logo":{"@type":"ImageObject","inLanguage":"es","@id":"https:\/\/cep.pecege.com\/#\/schema\/logo\/image\/","url":"https:\/\/cep.pecege.com\/wp-content\/uploads\/2022\/03\/cropped-Ativo-7-1.png","contentUrl":"https:\/\/cep.pecege.com\/wp-content\/uploads\/2022\/03\/cropped-Ativo-7-1.png","width":512,"height":512,"caption":"Pecege"},"image":{"@id":"https:\/\/cep.pecege.com\/#\/schema\/logo\/image\/"}}]}},"_links":{"self":[{"href":"https:\/\/cep.pecege.com\/es\/wp-json\/wp\/v2\/pages\/1025","targetHints":{"allow":["GET"]}}],"collection":[{"href":"https:\/\/cep.pecege.com\/es\/wp-json\/wp\/v2\/pages"}],"about":[{"href":"https:\/\/cep.pecege.com\/es\/wp-json\/wp\/v2\/types\/page"}],"author":[{"embeddable":true,"href":"https:\/\/cep.pecege.com\/es\/wp-json\/wp\/v2\/users\/1"}],"replies":[{"embeddable":true,"href":"https:\/\/cep.pecege.com\/es\/wp-json\/wp\/v2\/comments?post=1025"}],"version-history":[{"count":3,"href":"https:\/\/cep.pecege.com\/es\/wp-json\/wp\/v2\/pages\/1025\/revisions"}],"predecessor-version":[{"id":2255,"href":"https:\/\/cep.pecege.com\/es\/wp-json\/wp\/v2\/pages\/1025\/revisions\/2255"}],"wp:attachment":[{"href":"https:\/\/cep.pecege.com\/es\/wp-json\/wp\/v2\/media?parent=1025"}],"curies":[{"name":"wp","href":"https:\/\/api.w.org\/{rel}","templated":true}]}}